{"id":1908,"date":"2026-03-24T07:51:54","date_gmt":"2026-03-24T07:51:54","guid":{"rendered":"https:\/\/tlumaczkahiszpanska.pl\/platnosc\/potwierdzenie-2\/"},"modified":"2026-03-24T07:51:54","modified_gmt":"2026-03-24T07:51:54","slug":"potwierdzenie-2","status":"publish","type":"page","link":"https:\/\/tlumaczkahiszpanska.pl\/es\/pago\/potwierdzenie-2\/","title":{"rendered":"Potwierdzenie"},"content":{"rendered":"<p>Dzi\u0119kujemy za z\u0142o\u017cenie zam\u00f3wienia!<\/p><p class=\"edd-alert edd-alert-error\">No se pudo recuperar tu sesi\u00f3n de compra.<\/p>","protected":false},"excerpt":{"rendered":"<p>Dzi\u0119kujemy za z\u0142o\u017cenie zam\u00f3wienia!<\/p>\n","protected":false},"author":1,"featured_media":0,"parent":1904,"menu_order":0,"comment_status":"closed","ping_status":"closed","template":"","meta":{"_et_pb_use_builder":"","_et_pb_old_content":"","_et_gb_content_width":"","footnotes":""},"class_list":["post-1908","page","type-page","status-publish","hentry"],"_links":{"self":[{"href":"https:\/\/tlumaczkahiszpanska.pl\/es\/wp-json\/wp\/v2\/pages\/1908","targetHints":{"allow":["GET"]}}],"collection":[{"href":"https:\/\/tlumaczkahiszpanska.pl\/es\/wp-json\/wp\/v2\/pages"}],"about":[{"href":"https:\/\/tlumaczkahiszpanska.pl\/es\/wp-json\/wp\/v2\/types\/page"}],"author":[{"embeddable":true,"href":"https:\/\/tlumaczkahiszpanska.pl\/es\/wp-json\/wp\/v2\/users\/1"}],"replies":[{"embeddable":true,"href":"https:\/\/tlumaczkahiszpanska.pl\/es\/wp-json\/wp\/v2\/comments?post=1908"}],"version-history":[{"count":0,"href":"https:\/\/tlumaczkahiszpanska.pl\/es\/wp-json\/wp\/v2\/pages\/1908\/revisions"}],"up":[{"embeddable":true,"href":"https:\/\/tlumaczkahiszpanska.pl\/es\/wp-json\/wp\/v2\/pages\/1904"}],"wp:attachment":[{"href":"https:\/\/tlumaczkahiszpanska.pl\/es\/wp-json\/wp\/v2\/media?parent=1908"}],"curies":[{"name":"wp","href":"https:\/\/api.w.org\/{rel}","templated":true}]}}