{"id":1905,"date":"2026-03-24T07:51:53","date_gmt":"2026-03-24T07:51:53","guid":{"rendered":"https:\/\/tlumaczkahiszpanska.pl\/platnosc\/blad-transakcji\/"},"modified":"2026-04-13T08:10:08","modified_gmt":"2026-04-13T08:10:08","slug":"error-de-pago","status":"publish","type":"page","link":"https:\/\/tlumaczkahiszpanska.pl\/es\/pago\/error-de-pago\/","title":{"rendered":"Error de pago"},"content":{"rendered":"<p>Twoja transakcja nie powiod\u0142a si\u0119, spr\u00f3buj ponownie lub skontaktuj si\u0119 z pomoc\u0105 techniczn\u0105.<\/p>","protected":false},"excerpt":{"rendered":"<p>Twoja transakcja nie powiod\u0142a si\u0119, spr\u00f3buj ponownie lub skontaktuj si\u0119 z pomoc\u0105 techniczn\u0105.<\/p>\n","protected":false},"author":1,"featured_media":0,"parent":1904,"menu_order":0,"comment_status":"closed","ping_status":"closed","template":"","meta":{"_et_pb_use_builder":"","_et_pb_old_content":"","_et_gb_content_width":"","footnotes":""},"class_list":["post-1905","page","type-page","status-publish","hentry"],"_links":{"self":[{"href":"https:\/\/tlumaczkahiszpanska.pl\/es\/wp-json\/wp\/v2\/pages\/1905","targetHints":{"allow":["GET"]}}],"collection":[{"href":"https:\/\/tlumaczkahiszpanska.pl\/es\/wp-json\/wp\/v2\/pages"}],"about":[{"href":"https:\/\/tlumaczkahiszpanska.pl\/es\/wp-json\/wp\/v2\/types\/page"}],"author":[{"embeddable":true,"href":"https:\/\/tlumaczkahiszpanska.pl\/es\/wp-json\/wp\/v2\/users\/1"}],"replies":[{"embeddable":true,"href":"https:\/\/tlumaczkahiszpanska.pl\/es\/wp-json\/wp\/v2\/comments?post=1905"}],"version-history":[{"count":1,"href":"https:\/\/tlumaczkahiszpanska.pl\/es\/wp-json\/wp\/v2\/pages\/1905\/revisions"}],"predecessor-version":[{"id":1916,"href":"https:\/\/tlumaczkahiszpanska.pl\/es\/wp-json\/wp\/v2\/pages\/1905\/revisions\/1916"}],"up":[{"embeddable":true,"href":"https:\/\/tlumaczkahiszpanska.pl\/es\/wp-json\/wp\/v2\/pages\/1904"}],"wp:attachment":[{"href":"https:\/\/tlumaczkahiszpanska.pl\/es\/wp-json\/wp\/v2\/media?parent=1905"}],"curies":[{"name":"wp","href":"https:\/\/api.w.org\/{rel}","templated":true}]}}