{"id":1894,"date":"2026-03-24T07:51:54","date_gmt":"2026-03-24T07:51:54","guid":{"rendered":"https:\/\/tlumaczkahiszpanska.pl\/sklep\/"},"modified":"2026-04-13T08:47:36","modified_gmt":"2026-04-13T08:47:36","slug":"tienda","status":"publish","type":"page","link":"https:\/\/tlumaczkahiszpanska.pl\/es\/tienda\/","title":{"rendered":"Tienda"},"content":{"rendered":"<div class=\"wp-block-edd-downloads edd-blocks__downloads edd-blocks__columns\">\n\t\t\t<article class=\"edd-blocks__download\">\n\t\t\t\n<header class=\"edd-blocks__download-header\">\n\t\t<a\n\t\thref=\"https:\/\/tlumaczkahiszpanska.pl\/es\/downloads\/como-encontrar-un-traductor-jurado-en-polonia\/\"\n\t\tclass=\"edd-blocks__download-image-link\"\n\t\t\t\t\taria-hidden=\"true\"\n\t\t\ttabindex=\"-1\"\n\t\t\t\t>\n\t<img loading=\"lazy\" decoding=\"async\" width=\"486\" height=\"783\" src=\"https:\/\/tlumaczkahiszpanska.pl\/wp-content\/uploads\/edd\/2026\/04\/ok.jpg\" class=\"aligncenter edd-blocks__download-image wp-post-image\" alt=\"Alicja Serafin - T\u0142umaczenia z j\u0119zyka hiszpa\u0144skiego\" srcset=\"https:\/\/tlumaczkahiszpanska.pl\/wp-content\/uploads\/edd\/2026\/04\/ok.jpg 486w, https:\/\/tlumaczkahiszpanska.pl\/wp-content\/uploads\/edd\/2026\/04\/ok-480x773.jpg 480w\" sizes=\"(min-width: 0px) and (max-width: 480px) 480px, (min-width: 481px) 486px, 100vw\">\t<\/a>\n\t<h3><a href=\"https:\/\/tlumaczkahiszpanska.pl\/es\/downloads\/como-encontrar-un-traductor-jurado-en-polonia\/\">\u00bfC\u00f3mo encontrar un traductor jurado en Polonia?<\/a><\/h3><\/header>\n<div class=\"edd-blocks__download-content\">\n\t<p>Si necesitas presentar documentos oficiales en Polonia o colaborar con instituciones polacas, es fundamental entender c\u00f3mo funciona el sistema de traducciones juradas. A diferencia de otros pa\u00edses, en Polonia el acceso a esta profesi\u00f3n est\u00e1 estrictamente regulado, y no todos los traductores tienen la autoridad legal para realizar traducciones con validez oficial.<\/p>\n<p>Este ebook ha sido creado para ofrecerte una gu\u00eda clara, pr\u00e1ctica y adaptada al lector hispanohablante.<\/p>\n\t\t<div class=\"edd-blocks__download-price\">\n\t\t\t<span class=\"edd_price\" id=\"edd_price_1898\">20,00 \u20ac<\/span>\t\t<\/div>\n\t\t<\/div>\n<footer class=\"edd-blocks__download-footer\">\n\t<div class=\"wp-block-edd-buy-button edd-blocks__buy-button\">\t<form id=\"edd_purchase_1898\" class=\"edd_download_purchase_form edd_purchase_1898\" method=\"post\">\n\n\t\t\n\t\t<div class=\"edd_purchase_submit_wrapper\">\n\t\t\t<button class=\"edd-add-to-cart button has-edd-button-background-color has-edd-button-text-color edd-submit alignnone\" data-nonce=\"40bb674e00\" data-timestamp=\"1777506135\" data-token=\"473b8539d021735574978389927e3f38f804738295ffd0d23562fcf28a009e5f\" data-action=\"edd_add_to_cart\" data-download-id=\"1898\" data-variable-price=\"no\" data-price-mode=single data-price=\"20.00\" ><span class=\"edd-add-to-cart-label\">20,00 \u20ac&nbsp;&ndash;&nbsp;Comprar e-book<\/span> <span class=\"edd-loading\" aria-label=\"Cargando\"><\/span><\/button><input type=\"submit\" class=\"edd-add-to-cart edd-no-js button has-edd-button-background-color has-edd-button-text-color edd-submit alignnone\" name=\"edd_purchase_download\" value=\"20,00 \u20ac&nbsp;&ndash;&nbsp;Comprar e-book\" data-action=\"edd_add_to_cart\" data-download-id=\"1898\" data-variable-price=\"no\" data-price-mode=single \/><a href=\"https:\/\/tlumaczkahiszpanska.pl\/es\/pago\/\" class=\"edd_go_to_checkout button has-edd-button-background-color has-edd-button-text-color edd-submit alignnone\" style=\"display:none;\">Compro<\/a>\n\t\t\t\t\t\t\t<span class=\"edd-cart-ajax-alert\" aria-live=\"assertive\">\n\t\t\t\t\t<span class=\"edd-cart-added-alert\" style=\"display: none;\">\n\t\t\t\t\t\t<svg class=\"edd-icon edd-icon-check\" xmlns=\"http:\/\/www.w3.org\/2000\/svg\" width=\"28\" height=\"28\" viewBox=\"0 0 28 28\" aria-hidden=\"true\">\n\t\t\t\t\t\t\t<path d=\"M26.11 8.844c0 .39-.157.78-.44 1.062L12.234 23.344c-.28.28-.672.438-1.062.438s-.78-.156-1.06-.438l-7.782-7.78c-.28-.282-.438-.673-.438-1.063s.156-.78.438-1.06l2.125-2.126c.28-.28.672-.438 1.062-.438s.78.156 1.062.438l4.594 4.61L21.42 5.656c.282-.28.673-.438 1.063-.438s.78.155 1.062.437l2.125 2.125c.28.28.438.672.438 1.062z\"\/>\n\t\t\t\t\t\t<\/svg>\n\t\t\t\t\t\tA\u00f1adido al carrito\t\t\t\t\t<\/span>\n\t\t\t\t<\/span>\n\t\t\t\t\t\t\t\t\t\t\t\t\t\t\t<\/div><!--end .edd_purchase_submit_wrapper-->\n\n\t\t<input type=\"hidden\" name=\"download_id\" value=\"1898\">\n\t\t\t\t\t\t\t<input type=\"hidden\" name=\"edd_action\" class=\"edd_action_input\" value=\"add_to_cart\">\n\t\t\n\t\t\t\t\t<input type=\"hidden\" name=\"edd_redirect_to_checkout\" value=\"1\">\n\t\t\n\t\t\n\t<\/form><!--end #edd_purchase_1898-->\n\t<\/div><\/footer>\n\t\t<\/article>\n\t\t<\/div>\n","protected":false},"excerpt":{"rendered":"","protected":false},"author":1,"featured_media":0,"parent":0,"menu_order":0,"comment_status":"closed","ping_status":"closed","template":"","meta":{"_et_pb_use_builder":"off","_et_pb_old_content":"","_et_gb_content_width":"","footnotes":""},"class_list":["post-1894","page","type-page","status-publish","hentry"],"_links":{"self":[{"href":"https:\/\/tlumaczkahiszpanska.pl\/es\/wp-json\/wp\/v2\/pages\/1894","targetHints":{"allow":["GET"]}}],"collection":[{"href":"https:\/\/tlumaczkahiszpanska.pl\/es\/wp-json\/wp\/v2\/pages"}],"about":[{"href":"https:\/\/tlumaczkahiszpanska.pl\/es\/wp-json\/wp\/v2\/types\/page"}],"author":[{"embeddable":true,"href":"https:\/\/tlumaczkahiszpanska.pl\/es\/wp-json\/wp\/v2\/users\/1"}],"replies":[{"embeddable":true,"href":"https:\/\/tlumaczkahiszpanska.pl\/es\/wp-json\/wp\/v2\/comments?post=1894"}],"version-history":[{"count":2,"href":"https:\/\/tlumaczkahiszpanska.pl\/es\/wp-json\/wp\/v2\/pages\/1894\/revisions"}],"predecessor-version":[{"id":1930,"href":"https:\/\/tlumaczkahiszpanska.pl\/es\/wp-json\/wp\/v2\/pages\/1894\/revisions\/1930"}],"wp:attachment":[{"href":"https:\/\/tlumaczkahiszpanska.pl\/es\/wp-json\/wp\/v2\/media?parent=1894"}],"curies":[{"name":"wp","href":"https:\/\/api.w.org\/{rel}","templated":true}]}}