{"id":1209,"date":"2023-06-06T15:21:34","date_gmt":"2023-06-06T15:21:34","guid":{"rendered":"https:\/\/tlumaczkahiszpanska.pl\/blog-o-jezyku-hiszpanskim\/"},"modified":"2023-07-05T13:19:11","modified_gmt":"2023-07-05T13:19:11","slug":"blog-sobre-la-lengua-espanola","status":"publish","type":"page","link":"https:\/\/tlumaczkahiszpanska.pl\/es\/blog-sobre-la-lengua-espanola\/","title":{"rendered":"Blog"},"content":{"rendered":"<p>[et_pb_section fb_built=\u00bb1&#8243; custom_padding_last_edited=\u00bbon|phone\u00bb admin_label=\u00bbSection\u00bb _builder_version=\u00bb4.21.0&#8243; _module_preset=\u00bbdefault\u00bb background_color=\u00bb#FFDA79&#8243; custom_margin=\u00bb-150px||||false|false\u00bb custom_margin_tablet=\u00bb-150px||||false|false\u00bb custom_margin_phone=\u00bb-90px||||false|false\u00bb custom_margin_last_edited=\u00bbon|phone\u00bb custom_padding=\u00bb150px||242px||false|false\u00bb custom_padding_tablet=\u00bb150px||0px||false|false\u00bb custom_padding_phone=\u00bb90px||||false|false\u00bb bottom_divider_style=\u00bbslant2&#8243; bottom_divider_color=\u00bb#FEBD11&#8243; locked=\u00bboff\u00bb global_colors_info=\u00bb{}\u00bb][et_pb_row column_structure=\u00bb1_2,1_2&#8243; use_custom_gutter=\u00bbon\u00bb make_equal=\u00bbon\u00bb custom_padding_last_edited=\u00bbon|phone\u00bb module_class=\u00bbfullwidthrow\u00bb _builder_version=\u00bb4.21.0&#8243; _module_preset=\u00bbdefault\u00bb width_tablet=\u00bb90%\u00bb width_phone=\u00bb90%\u00bb width_last_edited=\u00bbon|phone\u00bb custom_margin=\u00bb||-17px||false|false\u00bb custom_padding=\u00bb76px||61px||false|false\u00bb custom_padding_tablet=\u00bb64px||0px||false|false\u00bb custom_padding_phone=\u00bb||0px|||\u00bb custom_css_main_element=\u00bb\t||\u00bb border_color_top=\u00bbrgba(26,20,35,0.06)\u00bb border_width_all_tablet=\u00bb0px\u00bb border_width_all_phone=\u00bb0px\u00bb border_width_all_last_edited=\u00bbon|tablet\u00bb border_width_top_tablet=\u00bb1px\u00bb border_width_top_phone=\u00bb1px\u00bb border_width_top_last_edited=\u00bbon|tablet\u00bb locked=\u00bboff\u00bb global_colors_info=\u00bb{}\u00bb][et_pb_column type=\u00bb1_2&#8243; _builder_version=\u00bb4.21.0&#8243; _module_preset=\u00bbdefault\u00bb use_background_color_gradient=\u00bbon\u00bb background_color_gradient_type=\u00bbcircular\u00bb background_color_gradient_direction_radial=\u00bbtop left\u00bb background_color_gradient_stops=\u00bb#febd11 0%|rgba(255,255,255,0) 42%\u00bb custom_padding=\u00bb80px|50px|80px|50px|true|true\u00bb custom_padding_tablet=\u00bb|50px||50px|true|true\u00bb custom_padding_phone=\u00bb80px|20px|80px|20px|true|true\u00bb custom_padding_last_edited=\u00bbon|tablet\u00bb custom_css_main_element=\u00bbdisplay: flex;||flex-direction: column;||justify-content: center;\u00bb border_color_all=\u00bb#1E1E1E\u00bb border_width_top=\u00bb1px\u00bb border_width_left=\u00bb1px\u00bb global_colors_info=\u00bb{}\u00bb][et_pb_text _builder_version=\u00bb4.21.0&#8243; _module_preset=\u00bbdefault\u00bb text_font=\u00bb|||on|||||\u00bb text_text_color=\u00bb#1E1E1E\u00bb text_font_size=\u00bb16px\u00bb text_letter_spacing=\u00bb1px\u00bb text_line_height=\u00bb1.8em\u00bb header_font=\u00bbPT Sans||||||||\u00bb header_text_color=\u00bb#1E1E1E\u00bb header_font_size=\u00bb16px\u00bb header_letter_spacing=\u00bb1px\u00bb header_line_height=\u00bb1.3em\u00bb header_2_font=\u00bbPT Sans||||||||\u00bb header_2_text_color=\u00bb#1E1E1E\u00bb header_2_font_size=\u00bb16px\u00bb header_2_letter_spacing=\u00bb1px\u00bb header_2_line_height=\u00bb1.3em\u00bb max_width=\u00bb202px\u00bb module_alignment=\u00bbleft\u00bb custom_margin=\u00bb||8px||false|false\u00bb custom_margin_tablet=\u00bb||0px||false|false\u00bb custom_margin_phone=\u00bb||||false|false\u00bb custom_margin_last_edited=\u00bboff|phone\u00bb custom_padding_tablet=\u00bb||0px||false|false\u00bb custom_padding_phone=\u00bb||0px||false|false\u00bb custom_padding_last_edited=\u00bbon|phone\u00bb border_color_all=\u00bb#231c23&#8243; locked=\u00bboff\u00bb inline_fonts=\u00bbPlayfair Display\u00bb global_colors_info=\u00bb{}\u00bb]<\/p>\n<h2>ESPA\u00d1OL POR EL MUNDO<\/h2>\n<p>[\/et_pb_text][et_pb_text _builder_version=\u00bb4.21.0&#8243; _module_preset=\u00bbdefault\u00bb header_font=\u00bbDM Serif Display||on||||||\u00bb header_text_align=\u00bbleft\u00bb header_text_color=\u00bb#1A1423&#8243; header_font_size=\u00bb44px\u00bb header_line_height=\u00bb1.2em\u00bb header_2_font=\u00bbDM Serif Display||on||||||\u00bb header_2_text_align=\u00bbleft\u00bb header_2_text_color=\u00bb#1A1423&#8243; header_2_font_size=\u00bb44px\u00bb header_2_line_height=\u00bb1.2em\u00bb custom_margin=\u00bb||5px||false|false\u00bb header_font_size_tablet=\u00bb40px\u00bb header_font_size_phone=\u00bb30px\u00bb header_font_size_last_edited=\u00bbon|phone\u00bb header_2_font_size_tablet=\u00bb40px\u00bb header_2_font_size_phone=\u00bb30px\u00bb header_2_font_size_last_edited=\u00bbon|phone\u00bb border_color_all=\u00bb#231c23&#8243; locked=\u00bboff\u00bb inline_fonts=\u00bbPlayfair Display\u00bb global_colors_info=\u00bb{}\u00bb]<\/p>\n<h1>Blog sobre la lengua espa\u00f1ola<\/h1>\n<p>[\/et_pb_text][et_pb_text _builder_version=\u00bb4.21.0&#8243; _module_preset=\u00bbdefault\u00bb text_font=\u00bb||||||||\u00bb text_text_color=\u00bb#1E1E1E\u00bb text_line_height=\u00bb1.8em\u00bb header_text_color=\u00bb#FFFFFF\u00bb header_2_font=\u00bbCormorant Garamond|600|||||||\u00bb header_2_text_color=\u00bb#E3C791&#8243; header_2_font_size=\u00bb3.6vw\u00bb max_width=\u00bb314px\u00bb module_alignment=\u00bbleft\u00bb custom_margin=\u00bb||23px|||\u00bb custom_margin_tablet=\u00bb||0px||false|false\u00bb custom_margin_phone=\u00bb||||false|false\u00bb custom_margin_last_edited=\u00bboff|phone\u00bb custom_padding_tablet=\u00bb||0px||false|false\u00bb custom_padding_phone=\u00bb||0px||false|false\u00bb custom_padding_last_edited=\u00bbon|phone\u00bb border_color_all=\u00bb#231c23&#8243; locked=\u00bboff\u00bb inline_fonts=\u00bbPlayfair Display\u00bb global_colors_info=\u00bb{}\u00bb]<\/p>\n<p>la cultura de los pa\u00edses hispanohablantes y el trabajo diario de una traductora jurada<\/p>\n<p>[\/et_pb_text][et_pb_button button_url=\u00bb#content\u00bb button_text=\u00bbLEE LAS PUBLICACIONES\u00bb disabled_on=\u00bboff|off|off\u00bb _builder_version=\u00bb4.21.0&#8243; _module_preset=\u00bbdefault\u00bb custom_button=\u00bbon\u00bb button_text_size=\u00bb16px\u00bb button_text_color=\u00bb#1E1E1E\u00bb button_bg_color=\u00bb#FFDA79&#8243; button_bg_image=\u00bbhttps:\/\/tlumaczkahiszpanska.pl\/wp-content\/uploads\/2023\/05\/btn-1.svg\u00bb button_border_width=\u00bb1px\u00bb button_border_color=\u00bb#1E1E1E\u00bb button_border_radius=\u00bb0px\u00bb button_letter_spacing=\u00bb1px\u00bb button_font=\u00bbPT Sans|||on|||||\u00bb button_use_icon=\u00bboff\u00bb positioning=\u00bbrelative\u00bb horizontal_offset=\u00bb0px\u00bb custom_padding=\u00bb8px|64px|8px||true|false\u00bb custom_css_main_element=\u00bbbackground-size: 44px !important;||background-position: right center !important;||\u00bb locked=\u00bboff\u00bb global_colors_info=\u00bb{}\u00bb custom_margin__hover_enabled=\u00bboff|desktop\u00bb custom_margin__hover=\u00bb|||10px|false|false\u00bb button_bg_color__hover_enabled=\u00bbon|hover\u00bb button_bg_color__hover=\u00bb#FEBD11&#8243; button_bg_enable_color__hover=\u00bbon\u00bb][\/et_pb_button][\/et_pb_column][et_pb_column type=\u00bb1_2&#8243; _builder_version=\u00bb4.21.0&#8243; _module_preset=\u00bbdefault\u00bb global_colors_info=\u00bb{}\u00bb][et_pb_divider show_divider=\u00bboff\u00bb _builder_version=\u00bb4.21.0&#8243; _module_preset=\u00bbdefault\u00bb background_video_mp4=\u00bbhttps:\/\/tlumaczkahiszpanska.pl\/wp-content\/uploads\/2023\/06\/ezgif-3-6e6fef61e5.mp4&#8243; width=\u00bb95%\u00bb width_tablet=\u00bb100%\u00bb width_phone=\u00bb100%\u00bb width_last_edited=\u00bbon|phone\u00bb module_alignment=\u00bbright\u00bb min_height=\u00bb557px\u00bb min_height_tablet=\u00bb450px\u00bb min_height_phone=\u00bb434px\u00bb min_height_last_edited=\u00bbon|tablet\u00bb border_width_all=\u00bb1px\u00bb border_color_all=\u00bb#1E1E1E\u00bb global_colors_info=\u00bb{}\u00bb][\/et_pb_divider][\/et_pb_column][\/et_pb_row][et_pb_row module_id=\u00bbcontent\u00bb module_class=\u00bbfullwidthrow\u00bb _builder_version=\u00bb4.21.0&#8243; _module_preset=\u00bbdefault\u00bb custom_padding=\u00bb116px|||||\u00bb global_colors_info=\u00bb{}\u00bb][et_pb_column type=\u00bb4_4&#8243; _builder_version=\u00bb4.21.0&#8243; _module_preset=\u00bbdefault\u00bb global_colors_info=\u00bb{}\u00bb][brbl_post_grid post_count=\u00bb5&#8243; post_padding=\u00bb0px|0px|50px|0px|false|false\u00bb content_padding=\u00bb50px|50px|50px|50px|false|true\u00bb image_width=\u00bb45%\u00bb image_height=\u00bb360px\u00bb img_hover_style=\u00bbzoon_in\u00bb excerpt_spacing_top=\u00bb5px\u00bb btn_spacing_top=\u00bb0px\u00bb layout=\u00bblayout1&#8243; column_count=\u00bb1&#8243; thumb_size=\u00bblarge\u00bb content_length=\u00bb240&#8243; show_author=\u00bboff\u00bb show_date=\u00bboff\u00bb show_btn=\u00bbon\u00bb button_text=\u00bbLEE M\u00c1S AQUI\u00bb pagination_type=\u00bbloadmore\u00bb pagination_padding=\u00bb6px|21px|6px|21px|false|true\u00bb pagination_color=\u00bb#1E1E1E\u00bb pagination_bg_color=\u00bb#FEBD11&#8243; content_bg_color=\u00bb#FFDA79&#8243; content_bg_use_color_gradient=\u00bbon\u00bb content_bg_color_gradient_type=\u00bbcircular\u00bb content_bg_color_gradient_direction_radial=\u00bbtop left\u00bb content_bg_color_gradient_stops=\u00bb#febd11 0%|#ffda79 56%\u00bb disabled_on=\u00bbon|on|off\u00bb _builder_version=\u00bb4.21.0&#8243; _module_preset=\u00bbdefault\u00bb title_level=\u00bbh2&#8243; title_font=\u00bbDM Serif Display||on||||||\u00bb title_text_color=\u00bb#1E1E1E\u00bb title_font_size=\u00bb30px\u00bb excerpt_font=\u00bbPT Sans||||||||\u00bb excerpt_text_color=\u00bb#1E1E1E\u00bb excerpt_line_height=\u00bb1.6em\u00bb pagination_font=\u00bb|||on|||||\u00bb pagination_letter_spacing=\u00bb1px\u00bb custom_button=\u00bbon\u00bb button_text_size=\u00bb17px\u00bb button_text_color=\u00bb#1E1E1E\u00bb button_bg_image=\u00bbhttps:\/\/tlumaczkahiszpanska.pl\/wp-content\/uploads\/2023\/05\/btn2.svg\u00bb button_border_width=\u00bb0px\u00bb button_border_radius=\u00bb0px\u00bb button_letter_spacing=\u00bb1px\u00bb button_font=\u00bb|||on|||||\u00bb button_use_icon=\u00bboff\u00bb button_custom_padding=\u00bb|50px||0px|false|false\u00bb button_icon_tablet=\u00bb\u00bb button_icon_phone=\u00bb\u00bb button_icon_last_edited=\u00bbon|desktop\u00bb button_icon_color_tablet=\u00bb\u00bb button_icon_color_phone=\u00bb\u00bb button_icon_color_last_edited=\u00bbon|desktop\u00bb button_icon_placement_tablet=\u00bb\u00bb button_icon_placement_phone=\u00bb\u00bb button_icon_placement_last_edited=\u00bbon|desktop\u00bb button_on_hover_tablet=\u00bb\u00bb button_on_hover_phone=\u00bb\u00bb button_on_hover_last_edited=\u00bbon|desktop\u00bb custom_css_read_more=\u00bbbackground-size: 44px !important;||background-position: right center !important;||||\u00bb border_width_all_image=\u00bb1px\u00bb border_color_all_image=\u00bb#1E1E1E\u00bb border_color_all_content=\u00bb#1E1E1E\u00bb border_width_left_content=\u00bb0px\u00bb border_radii_pagination=\u00bbon|1px|1px|1px|1px\u00bb border_width_all_pagination=\u00bb1px\u00bb global_colors_info=\u00bb{}\u00bb custom_css_read_more_last_edited=\u00bbon|desktop\u00bb button_bg_color__hover=\u00bbRGBA(255,255,255,0)\u00bb button_bg_color__hover_enabled=\u00bbon|hover\u00bb button_custom_margin__hover=\u00bb|||10px|false|false\u00bb button_custom_margin__hover_enabled=\u00bbon|desktop\u00bb custom_css_read_more_tablet=\u00bbbackground-size: 44px !important;||background-position: right center !important;||||\u00bb custom_css_read_more_phone=\u00bbbackground-size: 44px !important;||background-position: right center !important;||||\u00bb][\/brbl_post_grid][brbl_post_grid post_count=\u00bb3&#8243; post_padding=\u00bb0px|0px||0px|false|false\u00bb content_padding=\u00bb30px|30px|30px|30px|false|false\u00bb content_width=\u00bb100%\u00bb content_offset_y=\u00bb-2px\u00bb content_placement=\u00bbleft\u00bb image_height=\u00bb261px\u00bb img_hover_style=\u00bbzoon_in\u00bb desktop_only_img_hover=\u00bbon\u00bb excerpt_spacing_top=\u00bb5px\u00bb layout=\u00bblayout2&#8243; column_count=\u00bb1&#8243; column_gap_x=\u00bb10px\u00bb column_gap_y=\u00bb10px\u00bb thumb_size=\u00bblarge\u00bb content_length=\u00bb250&#8243; show_author=\u00bboff\u00bb show_date=\u00bboff\u00bb show_btn=\u00bbon\u00bb button_text=\u00bbLEE M\u00c1S AQUI\u00bb pagination_type=\u00bbloadmore\u00bb loadmore_type=\u00bbbutton\u00bb loadmore_text=\u00bbwi\u0119cej wpis\u00f3w\u00bb pagination_padding=\u00bb6px|21px|6px|21px|false|true\u00bb pagination_color=\u00bb#1E1E1E\u00bb pagination_bg_color=\u00bb#FEBD11&#8243; content_bg_color=\u00bb#FFDA79&#8243; content_padding_tablet=\u00bb30px|30px|30px|30px|false|false\u00bb content_padding_phone=\u00bb30px|30px|30px|30px|false|false\u00bb content_padding_last_edited=\u00bbon|desktop\u00bb content_width_tablet=\u00bb100%\u00bb content_width_phone=\u00bb100%\u00bb content_width_last_edited=\u00bbon|desktop\u00bb content_offset_y_tablet=\u00bb-2px\u00bb content_offset_y_phone=\u00bb-2px\u00bb content_offset_y_last_edited=\u00bbon|desktop\u00bb column_count_tablet=\u00bb2&#8243; column_count_phone=\u00bb1&#8243; column_count_last_edited=\u00bbon|tablet\u00bb disabled_on=\u00bboff|off|on\u00bb _builder_version=\u00bb4.21.0&#8243; _module_preset=\u00bbdefault\u00bb title_level=\u00bbh2&#8243; title_font=\u00bbDM Serif Display||on||||||\u00bb title_text_color=\u00bb#1E1E1E\u00bb title_font_size=\u00bb30px\u00bb excerpt_font=\u00bbPT Sans||||||||\u00bb excerpt_text_color=\u00bb#1E1E1E\u00bb excerpt_line_height=\u00bb1.6em\u00bb pagination_font=\u00bb|||on|||||\u00bb pagination_letter_spacing=\u00bb1px\u00bb custom_button=\u00bbon\u00bb button_text_size=\u00bb17px\u00bb button_text_color=\u00bb#1E1E1E\u00bb button_bg_image=\u00bbhttps:\/\/tlumaczkahiszpanska.pl\/wp-content\/uploads\/2023\/05\/btn2.svg\u00bb button_border_width=\u00bb0px\u00bb button_border_radius=\u00bb0px\u00bb button_letter_spacing=\u00bb1px\u00bb button_font=\u00bb|||on|||||\u00bb button_use_icon=\u00bboff\u00bb button_custom_padding=\u00bb|50px||0px|false|false\u00bb hover_enabled=\u00bb0&#8243; button_icon_tablet=\u00bb\u00bb button_icon_phone=\u00bb\u00bb button_icon_last_edited=\u00bbon|desktop\u00bb button_icon_color_tablet=\u00bb\u00bb button_icon_color_phone=\u00bb\u00bb button_icon_color_last_edited=\u00bbon|desktop\u00bb button_icon_placement_tablet=\u00bb\u00bb button_icon_placement_phone=\u00bb\u00bb button_icon_placement_last_edited=\u00bbon|desktop\u00bb button_on_hover_tablet=\u00bb\u00bb button_on_hover_phone=\u00bb\u00bb button_on_hover_last_edited=\u00bbon|desktop\u00bb custom_css_read_more=\u00bbbackground-size: 44px !important;||background-position: right center !important;||||\u00bb border_width_all_image=\u00bb1px\u00bb border_color_all_image=\u00bb#1E1E1E\u00bb border_color_all_content=\u00bb#1E1E1E\u00bb border_radii_content_tablet=\u00bb\u00bb border_radii_content_phone=\u00bb\u00bb border_radii_content_last_edited=\u00bbon|desktop\u00bb border_width_all_content_tablet=\u00bb\u00bb border_width_all_content_phone=\u00bb\u00bb border_width_all_content_last_edited=\u00bbon|desktop\u00bb border_color_all_content_tablet=\u00bb#1E1E1E\u00bb border_color_all_content_phone=\u00bb#1E1E1E\u00bb border_color_all_content_last_edited=\u00bbon|desktop\u00bb border_style_all_content_tablet=\u00bb\u00bb border_style_all_content_phone=\u00bb\u00bb border_style_all_content_last_edited=\u00bbon|desktop\u00bb border_radii_pagination=\u00bbon|1px|1px|1px|1px\u00bb border_width_all_pagination=\u00bb1px\u00bb global_colors_info=\u00bb{}\u00bb custom_css_read_more_last_edited=\u00bbon|desktop\u00bb button_bg_color__hover=\u00bbRGBA(255,255,255,0)\u00bb button_bg_color__hover_enabled=\u00bbon|hover\u00bb button_custom_margin__hover=\u00bb|||10px|false|false\u00bb button_custom_margin__hover_enabled=\u00bbon|desktop\u00bb content_bg_color__hover=\u00bb#FEBD11&#8243; content_bg_color__hover_enabled=\u00bbon|desktop\u00bb custom_css_read_more_tablet=\u00bbbackground-size: 44px !important;||background-position: right center !important;||||\u00bb custom_css_read_more_phone=\u00bbbackground-size: 44px !important;||background-position: right center !important;||||\u00bb sticky_enabled=\u00bb0&#8243;][\/brbl_post_grid][\/et_pb_column][\/et_pb_row][\/et_pb_section]<\/p>\n","protected":false},"excerpt":{"rendered":"<p>ESPA\u00d1OL POR EL MUNDOBlog sobre la lengua espa\u00f1olala cultura de los pa\u00edses hispanohablantes y el trabajo diario de una traductora jurada<div class=\"et_pb_module brbl_post_grid brbl_post_grid_0\">\n\t\t\t\t\n\t\t\t\t\n\t\t\t\t\n\t\t\t\t\n\t\t\t\t\n\t\t\t\t\n\t\t\t\t<div class=\"et_pb_module_inner\">\n\t\t\t\t\t<div class=\"brbl-module brbl-post-grid equal-height-on \" data-options=\"{&quot;layout&quot;:&quot;\\u00bblayout1&amp;#8243;&quot;,&quot;blog_order&quot;:0,&quot;pagination_type&quot;:&quot;\\u00bbloadmore\\u00bb&quot;,&quot;loadmore_type&quot;:&quot;scroll&quot;}\" >\r\n                <div id=\"brbl-blog-wrapper\" class=\"brbl-blog brbl-blog-scroll-0\"><\/div><nav class=\"brbl-pagination\" role=\"navigation\" aria-label=\"Pagination\"><\/nav>\r\n            <\/div>\n\t\t\t\t<\/div>\n\t\t\t<\/div><\/p>\n","protected":false},"author":1,"featured_media":0,"parent":0,"menu_order":0,"comment_status":"closed","ping_status":"closed","template":"","meta":{"_et_pb_use_builder":"on","_et_pb_old_content":"","_et_gb_content_width":"","footnotes":""},"class_list":["post-1209","page","type-page","status-publish","hentry"],"_links":{"self":[{"href":"https:\/\/tlumaczkahiszpanska.pl\/es\/wp-json\/wp\/v2\/pages\/1209","targetHints":{"allow":["GET"]}}],"collection":[{"href":"https:\/\/tlumaczkahiszpanska.pl\/es\/wp-json\/wp\/v2\/pages"}],"about":[{"href":"https:\/\/tlumaczkahiszpanska.pl\/es\/wp-json\/wp\/v2\/types\/page"}],"author":[{"embeddable":true,"href":"https:\/\/tlumaczkahiszpanska.pl\/es\/wp-json\/wp\/v2\/users\/1"}],"replies":[{"embeddable":true,"href":"https:\/\/tlumaczkahiszpanska.pl\/es\/wp-json\/wp\/v2\/comments?post=1209"}],"version-history":[{"count":8,"href":"https:\/\/tlumaczkahiszpanska.pl\/es\/wp-json\/wp\/v2\/pages\/1209\/revisions"}],"predecessor-version":[{"id":1302,"href":"https:\/\/tlumaczkahiszpanska.pl\/es\/wp-json\/wp\/v2\/pages\/1209\/revisions\/1302"}],"wp:attachment":[{"href":"https:\/\/tlumaczkahiszpanska.pl\/es\/wp-json\/wp\/v2\/media?parent=1209"}],"curies":[{"name":"wp","href":"https:\/\/api.w.org\/{rel}","templated":true}]}}