{"id":1205,"date":"2023-06-06T16:30:12","date_gmt":"2023-06-06T16:30:12","guid":{"rendered":"https:\/\/tlumaczkahiszpanska.pl\/kontakt\/"},"modified":"2026-01-06T13:28:46","modified_gmt":"2026-01-06T13:28:46","slug":"contacto","status":"publish","type":"page","link":"https:\/\/tlumaczkahiszpanska.pl\/es\/contacto\/","title":{"rendered":"Contacto"},"content":{"rendered":"<p>[et_pb_section fb_built=\u00bb1&#8243; custom_padding_last_edited=\u00bbon|phone\u00bb admin_label=\u00bbSection\u00bb _builder_version=\u00bb4.21.0&#8243; _module_preset=\u00bbdefault\u00bb background_color=\u00bb#FFDA79&#8243; use_background_color_gradient=\u00bbon\u00bb background_color_gradient_type=\u00bbcircular\u00bb background_color_gradient_direction_radial=\u00bbtop left\u00bb background_color_gradient_stops=\u00bbrgba(254,189,17,0.61) 32em|#ffda79 60em\u00bb background_color_gradient_unit=\u00bbem\u00bb custom_margin=\u00bb-150px||||false|false\u00bb custom_margin_tablet=\u00bb-150px||||false|false\u00bb custom_margin_phone=\u00bb-90px||||false|false\u00bb custom_margin_last_edited=\u00bbon|phone\u00bb custom_padding=\u00bb150px||127px||false|false\u00bb custom_padding_tablet=\u00bb150px||60px||false|false\u00bb custom_padding_phone=\u00bb90px||||false|false\u00bb bottom_divider_style=\u00bbslant2&#8243; bottom_divider_color=\u00bb#FEBD11&#8243; locked=\u00bboff\u00bb global_colors_info=\u00bb{}\u00bb][et_pb_row column_structure=\u00bb1_2,1_2&#8243; use_custom_gutter=\u00bbon\u00bb make_equal=\u00bbon\u00bb custom_padding_last_edited=\u00bbon|phone\u00bb module_class=\u00bbfullwidthrow\u00bb _builder_version=\u00bb4.21.0&#8243; _module_preset=\u00bbdefault\u00bb width_tablet=\u00bb90%\u00bb width_phone=\u00bb90%\u00bb width_last_edited=\u00bbon|phone\u00bb custom_margin=\u00bb||-17px||false|false\u00bb custom_padding=\u00bb76px||71px||false|false\u00bb custom_padding_tablet=\u00bb64px||0px||false|false\u00bb custom_padding_phone=\u00bb||0px|||\u00bb custom_css_main_element=\u00bb\t||\u00bb border_color_top=\u00bbrgba(26,20,35,0.06)\u00bb border_width_all_tablet=\u00bb0px\u00bb border_width_all_phone=\u00bb0px\u00bb border_width_all_last_edited=\u00bbon|tablet\u00bb border_width_top_tablet=\u00bb1px\u00bb border_width_top_phone=\u00bb1px\u00bb border_width_top_last_edited=\u00bbon|tablet\u00bb locked=\u00bboff\u00bb global_colors_info=\u00bb{}\u00bb][et_pb_column type=\u00bb1_2&#8243; _builder_version=\u00bb4.21.0&#8243; _module_preset=\u00bbdefault\u00bb use_background_color_gradient=\u00bbon\u00bb background_color_gradient_type=\u00bbcircular\u00bb background_color_gradient_direction_radial=\u00bbtop left\u00bb background_color_gradient_stops=\u00bb#febd11 0%|rgba(255,255,255,0) 42%\u00bb custom_padding=\u00bb90px|50px|50px|50px|false|true\u00bb custom_padding_tablet=\u00bb|50px||50px|true|true\u00bb custom_padding_phone=\u00bb80px|20px|40px|20px|false|true\u00bb custom_padding_last_edited=\u00bbon|tablet\u00bb custom_css_main_element=\u00bbdisplay: flex;||flex-direction: column;||justify-content: center;\u00bb border_color_all=\u00bb#1E1E1E\u00bb border_width_top=\u00bb1px\u00bb border_width_left=\u00bb1px\u00bb global_colors_info=\u00bb{}\u00bb][et_pb_text _builder_version=\u00bb4.21.0&#8243; _module_preset=\u00bbdefault\u00bb header_font=\u00bbDM Serif Display||on||||||\u00bb header_text_align=\u00bbleft\u00bb header_text_color=\u00bb#1A1423&#8243; header_font_size=\u00bb44px\u00bb header_line_height=\u00bb1.2em\u00bb header_2_font=\u00bbDM Serif Display||on||||||\u00bb header_2_text_align=\u00bbleft\u00bb header_2_text_color=\u00bb#1A1423&#8243; header_2_font_size=\u00bb44px\u00bb header_2_line_height=\u00bb1.2em\u00bb custom_margin=\u00bb-36px||5px|||\u00bb custom_padding=\u00bb||0px|||\u00bb header_font_size_tablet=\u00bb40px\u00bb header_font_size_phone=\u00bb30px\u00bb header_font_size_last_edited=\u00bbon|phone\u00bb header_2_font_size_tablet=\u00bb40px\u00bb header_2_font_size_phone=\u00bb30px\u00bb header_2_font_size_last_edited=\u00bbon|phone\u00bb border_color_all=\u00bb#231c23&#8243; locked=\u00bboff\u00bb inline_fonts=\u00bbPlayfair Display\u00bb global_colors_info=\u00bb{}\u00bb]<\/p>\n<h1>Contacto<\/h1>\n<p>[\/et_pb_text][et_pb_text _builder_version=\u00bb4.21.0&#8243; _module_preset=\u00bbdefault\u00bb text_font=\u00bb||||||||\u00bb text_text_color=\u00bb#1E1E1E\u00bb text_font_size=\u00bb16px\u00bb text_line_height=\u00bb1.4em\u00bb header_font=\u00bb|700|||||||\u00bb header_text_color=\u00bb#1E1E1E\u00bb header_font_size=\u00bb44px\u00bb header_2_font=\u00bbPT Sans|700|||||||\u00bb header_2_text_color=\u00bb#1E1E1E\u00bb header_2_font_size=\u00bb21px\u00bb header_2_letter_spacing=\u00bb1px\u00bb background_color=\u00bbRGBA(255,255,255,0)\u00bb max_width=\u00bb380px\u00bb custom_margin=\u00bb0px||26px||false|false\u00bb custom_margin_tablet=\u00bb23px||37px||false|false\u00bb custom_margin_phone=\u00bb0px||37px||false|false\u00bb custom_margin_last_edited=\u00bbon|phone\u00bb header_2_font_size_tablet=\u00bb34px\u00bb header_2_font_size_phone=\u00bb22px\u00bb header_2_font_size_last_edited=\u00bboff|desktop\u00bb locked=\u00bboff\u00bb global_colors_info=\u00bb{}\u00bb]<\/p>\n<h2>Alicja Serafin<\/h2>\n<p>TRADUCTORA E INT\u00c9RPRETE JURADA DEL IDIOMA ESPA\u00d1OL-POLACO EN POLONIA Y ESPA\u00d1A<\/p>\n<p>Estoy inscrita en el listado del Ministerio de Justicia de Polonia bajo el n\u00famero TP\/73\/22 y el Ministerio de Asuntos Exteriores de Espa\u00f1a bajo el n\u00famero 11384.<\/p>\n<p>&nbsp;<\/p>\n<p>NIF POLACO: 5252950614<\/p>\n<p>[\/et_pb_text][et_pb_blurb title=\u00bbalicjaserafin@onet.com.pl\u00bb image=\u00bbhttps:\/\/tlumaczkahiszpanska.pl\/wp-content\/uploads\/2023\/05\/email-2.svg\u00bb icon_placement=\u00bbleft\u00bb image_icon_width=\u00bb36px\u00bb content_max_width=\u00bb1100px\u00bb _builder_version=\u00bb4.21.0&#8243; _module_preset=\u00bbdefault\u00bb header_font=\u00bbPT Sans|700|||||||\u00bb header_text_color=\u00bb#1E1E1E\u00bb header_font_size=\u00bb19px\u00bb image_icon_custom_margin=\u00bb-7px||||false|false\u00bb module_alignment=\u00bbleft\u00bb custom_margin=\u00bb||15px||false|false\u00bb custom_padding=\u00bb0px||0px||true|false\u00bb locked=\u00bboff\u00bb global_colors_info=\u00bb{}\u00bb][\/et_pb_blurb][et_pb_blurb title=\u00bb+48 505 127 576&#8243; image=\u00bbhttps:\/\/tlumaczkahiszpanska.pl\/wp-content\/uploads\/2023\/05\/phone-1.svg\u00bb icon_placement=\u00bbleft\u00bb image_icon_width=\u00bb36px\u00bb content_max_width=\u00bb1100px\u00bb _builder_version=\u00bb4.21.0&#8243; _module_preset=\u00bbdefault\u00bb header_font=\u00bbPT Sans|700|||||||\u00bb header_text_color=\u00bb#1E1E1E\u00bb header_font_size=\u00bb19px\u00bb image_icon_custom_margin=\u00bb-7px||||false|false\u00bb module_alignment=\u00bbleft\u00bb custom_margin=\u00bb||15px||false|false\u00bb custom_padding=\u00bb0px||0px||true|false\u00bb locked=\u00bboff\u00bb global_colors_info=\u00bb{}\u00bb][\/et_pb_blurb][et_pb_blurb title=\u00bbtlumaczkahiszpanska.pl\u00bb url=\u00bbhttps:\/\/tlumaczkahiszpanska.pl\/es\/\u00bb image=\u00bbhttps:\/\/tlumaczkahiszpanska.pl\/wp-content\/uploads\/2023\/06\/internet-1.svg\u00bb icon_placement=\u00bbleft\u00bb image_icon_width=\u00bb36px\u00bb content_max_width=\u00bb1100px\u00bb _builder_version=\u00bb4.21.0&#8243; _module_preset=\u00bbdefault\u00bb header_font=\u00bbPT Sans|700|||||||\u00bb header_text_color=\u00bb#1E1E1E\u00bb header_font_size=\u00bb19px\u00bb image_icon_custom_margin=\u00bb-7px||||false|false\u00bb module_alignment=\u00bbleft\u00bb custom_margin=\u00bb||15px||false|false\u00bb custom_padding=\u00bb0px||0px||true|false\u00bb locked=\u00bboff\u00bb global_colors_info=\u00bb{}\u00bb][\/et_pb_blurb][et_pb_blurb title=\u00bbtlumaczka.hiszpanska \u00bb url=\u00bbhttps:\/\/www.facebook.com\/tlumaczka.hiszpanska%20&#8243; url_new_window=\u00bbon\u00bb image=\u00bbhttps:\/\/tlumaczkahiszpanska.pl\/wp-content\/uploads\/2023\/05\/facebook-3.svg\u00bb icon_placement=\u00bbleft\u00bb image_icon_width=\u00bb36px\u00bb content_max_width=\u00bb1100px\u00bb _builder_version=\u00bb4.21.0&#8243; _module_preset=\u00bbdefault\u00bb header_font=\u00bbPT Sans|700|||||||\u00bb header_text_color=\u00bb#1E1E1E\u00bb header_font_size=\u00bb19px\u00bb image_icon_custom_margin=\u00bb-7px||||false|false\u00bb module_alignment=\u00bbleft\u00bb custom_margin=\u00bb||15px||false|false\u00bb custom_padding=\u00bb0px||0px||true|false\u00bb locked=\u00bboff\u00bb global_colors_info=\u00bb{}\u00bb][\/et_pb_blurb][et_pb_blurb title=\u00bbtlumaczkahiszpanska\u00bb url=\u00bbhttps:\/\/www.instagram.com\/tlumaczkahiszpanska\/\u00bb url_new_window=\u00bbon\u00bb image=\u00bbhttps:\/\/tlumaczkahiszpanska.pl\/wp-content\/uploads\/2023\/06\/instagram-7.svg\u00bb icon_placement=\u00bbleft\u00bb image_icon_width=\u00bb36px\u00bb content_max_width=\u00bb1100px\u00bb _builder_version=\u00bb4.21.0&#8243; _module_preset=\u00bbdefault\u00bb header_font=\u00bbPT Sans|700|||||||\u00bb header_text_color=\u00bb#1E1E1E\u00bb header_font_size=\u00bb19px\u00bb image_icon_custom_margin=\u00bb-7px||||false|false\u00bb module_alignment=\u00bbleft\u00bb custom_margin=\u00bb||15px||false|false\u00bb custom_padding=\u00bb0px||0px||true|false\u00bb locked=\u00bboff\u00bb global_colors_info=\u00bb{}\u00bb][\/et_pb_blurb][\/et_pb_column][et_pb_column type=\u00bb1_2&#8243; disabled_on=\u00bboff|on|off\u00bb _builder_version=\u00bb4.21.0&#8243; _module_preset=\u00bbdefault\u00bb global_colors_info=\u00bb{}\u00bb][et_pb_image src=\u00bbhttps:\/\/tlumaczkahiszpanska.pl\/wp-content\/uploads\/2026\/01\/hiszpanskie-prawnienia.jpg\u00bb title_text=\u00bbhiszpa\u0144skie prawnienia\u00bb _builder_version=\u00bb4.21.0&#8243; _module_preset=\u00bbdefault\u00bb global_colors_info=\u00bb{}\u00bb][\/et_pb_image][\/et_pb_column][\/et_pb_row][et_pb_row column_structure=\u00bb3_5,2_5&#8243; use_custom_gutter=\u00bbon\u00bb gutter_width=\u00bb1&#8243; make_equal=\u00bbon\u00bb custom_padding_last_edited=\u00bbon|tablet\u00bb _builder_version=\u00bb4.21.0&#8243; _module_preset=\u00bbdefault\u00bb background_color=\u00bbRGBA(255,255,255,0)\u00bb width_tablet=\u00bb400px\u00bb width_phone=\u00bb90%\u00bb width_last_edited=\u00bbon|tablet\u00bb max_width=\u00bb1038px\u00bb custom_margin_tablet=\u00bb|||5%|false|false\u00bb custom_margin_phone=\u00bb|||5%|false|false\u00bb custom_margin_last_edited=\u00bbon|tablet\u00bb custom_padding=\u00bb87px||91px|||\u00bb custom_padding_tablet=\u00bb50px||91px||false|false\u00bb custom_padding_phone=\u00bb50px||91px||false|false\u00bb module_alignment_tablet=\u00bb\u00bb module_alignment_phone=\u00bb\u00bb module_alignment_last_edited=\u00bbon|phone\u00bb custom_css_main_element=\u00bbalign-items: center;\u00bb locked=\u00bboff\u00bb global_colors_info=\u00bb{}\u00bb][et_pb_column type=\u00bb3_5&#8243; disabled_on=\u00bbon|on|off\u00bb _builder_version=\u00bb4.21.0&#8243; _module_preset=\u00bbdefault\u00bb background_enable_image=\u00bboff\u00bb transform_scale_tablet=\u00bb\u00bb transform_scale_phone=\u00bb\u00bb transform_scale_last_edited=\u00bbon|tablet\u00bb transform_translate=\u00bb30px|0px\u00bb transform_translate_tablet=\u00bb0px|-1px\u00bb transform_translate_phone=\u00bb0px|-1px\u00bb transform_translate_last_edited=\u00bbon|tablet\u00bb transform_translate_linked=\u00bboff\u00bb transform_rotate_tablet=\u00bb\u00bb transform_rotate_phone=\u00bb\u00bb transform_rotate_last_edited=\u00bbon|tablet\u00bb transform_skew_tablet=\u00bb\u00bb transform_skew_phone=\u00bb\u00bb transform_skew_last_edited=\u00bbon|tablet\u00bb transform_origin_tablet=\u00bb\u00bb transform_origin_phone=\u00bb\u00bb transform_origin_last_edited=\u00bbon|tablet\u00bb transform_styles_last_edited=\u00bbon|tablet\u00bb transform_styles_tablet=\u00bb\u00bb transform_styles_phone=\u00bb\u00bb border_width_all=\u00bb1px\u00bb global_colors_info=\u00bb{}\u00bb][et_pb_image src=\u00bbhttps:\/\/tlumaczkahiszpanska.pl\/wp-content\/uploads\/2023\/06\/vibrantly-colored-retro-typewriter-with-keyboard-buttons-1-3-1.jpg\u00bb disabled_on=\u00bboff|off|off\u00bb _builder_version=\u00bb4.21.0&#8243; _module_preset=\u00bbdefault\u00bb global_colors_info=\u00bb{}\u00bb][\/et_pb_image][\/et_pb_column][et_pb_column type=\u00bb2_5&#8243; _builder_version=\u00bb4.21.0&#8243; _module_preset=\u00bbdefault\u00bb background_color=\u00bb#FFDA79&#8243; use_background_color_gradient=\u00bbon\u00bb background_color_gradient_type=\u00bbcircular\u00bb background_color_gradient_direction_radial=\u00bbtop left\u00bb background_color_gradient_stops=\u00bb#febd11 0%|rgba(255,255,255,0) 98%\u00bb transform_scale_tablet=\u00bb\u00bb transform_scale_phone=\u00bb\u00bb transform_scale_last_edited=\u00bbon|phone\u00bb transform_translate=\u00bb-30px|0px\u00bb transform_translate_tablet=\u00bb0px|0px\u00bb transform_translate_phone=\u00bb0px|0px\u00bb transform_translate_last_edited=\u00bbon|phone\u00bb transform_translate_linked=\u00bboff\u00bb transform_rotate_tablet=\u00bb\u00bb transform_rotate_phone=\u00bb\u00bb transform_rotate_last_edited=\u00bbon|phone\u00bb transform_skew_tablet=\u00bb\u00bb transform_skew_phone=\u00bb\u00bb transform_skew_last_edited=\u00bbon|phone\u00bb transform_origin_tablet=\u00bb\u00bb transform_origin_phone=\u00bb\u00bb transform_origin_last_edited=\u00bbon|phone\u00bb transform_styles_last_edited=\u00bbon|phone\u00bb z_index=\u00bb48&#8243; custom_padding=\u00bb30px|30px|30px|30px|true|true\u00bb transform_styles_tablet=\u00bb\u00bb transform_styles_phone=\u00bb\u00bb border_width_all=\u00bb1px\u00bb border_color_all=\u00bb#1E1E1E\u00bb global_colors_info=\u00bb{}\u00bb][et_pb_blurb title=\u00bb\u00bfC\u00f3mo obtener un presupuesto de traducci\u00f3n?\u00bb image_icon_width=\u00bb44px\u00bb content_max_width=\u00bb1100px\u00bb _builder_version=\u00bb4.21.0&#8243; _module_preset=\u00bbdefault\u00bb header_font=\u00bbDM Serif Display||||||||\u00bb header_text_color=\u00bb#1E1E1E\u00bb header_font_size=\u00bb27px\u00bb header_line_height=\u00bb1.2em\u00bb body_text_color=\u00bb#1E1E1E\u00bb body_line_height=\u00bb1.2em\u00bb body_link_font=\u00bb|||on|||||\u00bb body_link_text_color=\u00bb#1E1E1E\u00bb body_link_font_size=\u00bb12px\u00bb body_link_letter_spacing=\u00bb1px\u00bb image_icon_custom_margin=\u00bb-12px||||false|false\u00bb module_alignment=\u00bbleft\u00bb custom_margin=\u00bb||35px|||\u00bb header_font_size_tablet=\u00bb27px\u00bb header_font_size_phone=\u00bb24px\u00bb header_font_size_last_edited=\u00bbon|phone\u00bb locked=\u00bboff\u00bb global_colors_info=\u00bb{}\u00bb body_link_text_color__hover_enabled=\u00bbon|desktop\u00bb body_link_text_color__hover=\u00bb#F15B2B\u00bb]<\/p>\n<p>En los contactos con mis clientes valoro una comunicaci\u00f3n eficiente y r\u00e1pida. Aqu\u00ed <strong data-start=\"134\" data-end=\"160\">3 pasos hacia el \u00e9xito<\/strong>:<\/p>\n<p>[\/et_pb_blurb][et_pb_blurb image=\u00bbhttps:\/\/tlumaczkahiszpanska.pl\/wp-content\/uploads\/2023\/05\/maps-and-flags-1.svg\u00bb icon_placement=\u00bbleft\u00bb image_icon_width=\u00bb36px\u00bb content_max_width=\u00bb1100px\u00bb _builder_version=\u00bb4.21.0&#8243; _module_preset=\u00bbdefault\u00bb header_font=\u00bbPT Sans|700|||||||\u00bb header_text_color=\u00bb#1E1E1E\u00bb header_font_size=\u00bb19px\u00bb body_font=\u00bb|700|||||||\u00bb body_text_color=\u00bb#1E1E1E\u00bb body_font_size=\u00bb19px\u00bb image_icon_custom_margin=\u00bb0px||||false|false\u00bb module_alignment=\u00bbleft\u00bb custom_margin=\u00bb||15px||false|false\u00bb custom_padding=\u00bb0px||0px||true|false\u00bb locked=\u00bboff\u00bb global_colors_info=\u00bb{}\u00bb body_link_text_color__hover_enabled=\u00bbon|hover\u00bb body_link_text_color__hover=\u00bb#F15B2B\u00bb]<\/p>\n<p>Haz un escaneo o una foto de tu documento.<\/p>\n<p>[\/et_pb_blurb][et_pb_blurb image=\u00bbhttps:\/\/tlumaczkahiszpanska.pl\/wp-content\/uploads\/2023\/05\/maps-and-flags-1.svg\u00bb icon_placement=\u00bbleft\u00bb image_icon_width=\u00bb36px\u00bb content_max_width=\u00bb1100px\u00bb _builder_version=\u00bb4.21.0&#8243; _module_preset=\u00bbdefault\u00bb header_font=\u00bbPT Sans|700|||||||\u00bb header_text_color=\u00bb#1E1E1E\u00bb header_font_size=\u00bb19px\u00bb body_font=\u00bb|700|||||||\u00bb body_text_color=\u00bb#1E1E1E\u00bb body_font_size=\u00bb19px\u00bb image_icon_custom_margin=\u00bb0px||||false|false\u00bb module_alignment=\u00bbleft\u00bb custom_margin=\u00bb||15px||false|false\u00bb custom_padding=\u00bb0px||0px||true|false\u00bb locked=\u00bboff\u00bb global_colors_info=\u00bb{}\u00bb body_link_text_color__hover_enabled=\u00bbon|hover\u00bb body_link_text_color__hover=\u00bb#F15B2B\u00bb]<\/p>\n<p>Env\u00edamelo por correo electr\u00f3nico o por WhatsApp.<\/p>\n<p>[\/et_pb_blurb][et_pb_blurb image=\u00bbhttps:\/\/tlumaczkahiszpanska.pl\/wp-content\/uploads\/2023\/05\/maps-and-flags-1.svg\u00bb icon_placement=\u00bbleft\u00bb image_icon_width=\u00bb36px\u00bb content_max_width=\u00bb1100px\u00bb _builder_version=\u00bb4.21.0&#8243; _module_preset=\u00bbdefault\u00bb header_font=\u00bbPT Sans|700|||||||\u00bb header_text_color=\u00bb#1E1E1E\u00bb header_font_size=\u00bb19px\u00bb body_font=\u00bb|700|||||||\u00bb body_text_color=\u00bb#1E1E1E\u00bb body_font_size=\u00bb19px\u00bb image_icon_custom_margin=\u00bb0px||||false|false\u00bb module_alignment=\u00bbleft\u00bb custom_margin=\u00bb||15px||false|false\u00bb custom_padding=\u00bb0px||0px||true|false\u00bb locked=\u00bboff\u00bb global_colors_info=\u00bb{}\u00bb body_link_text_color__hover_enabled=\u00bbon|hover\u00bb body_link_text_color__hover=\u00bb#F15B2B\u00bb]<\/p>\n<p>Recibir\u00e1s un <strong data-start=\"281\" data-end=\"305\">presupuesto gratuito<\/strong> y un <strong data-start=\"311\" data-end=\"346\">plazo de realizaci\u00f3n aproximado<\/strong>.\u00a0<\/p>\n<p>&nbsp;<\/p>\n<p>[\/et_pb_blurb][\/et_pb_column][\/et_pb_row][\/et_pb_section]<\/p>\n","protected":false},"excerpt":{"rendered":"<p>ContactoAlicja Serafin TRADUCTORA E INT\u00c9RPRETE JURADA DEL IDIOMA ESPA\u00d1OL-POLACO EN POLONIA Y ESPA\u00d1A Estoy inscrita en el listado del Ministerio de Justicia de Polonia bajo el n\u00famero TP\/73\/22 y el Ministerio de Asuntos Exteriores de Espa\u00f1a bajo el n\u00famero 11384. &nbsp; NIF POLACO: 5252950614En los contactos con mis clientes valoro una comunicaci\u00f3n eficiente y r\u00e1pida. [&hellip;]<\/p>\n","protected":false},"author":1,"featured_media":0,"parent":0,"menu_order":0,"comment_status":"closed","ping_status":"closed","template":"","meta":{"_et_pb_use_builder":"on","_et_pb_old_content":"","_et_gb_content_width":"","footnotes":""},"class_list":["post-1205","page","type-page","status-publish","hentry"],"_links":{"self":[{"href":"https:\/\/tlumaczkahiszpanska.pl\/es\/wp-json\/wp\/v2\/pages\/1205","targetHints":{"allow":["GET"]}}],"collection":[{"href":"https:\/\/tlumaczkahiszpanska.pl\/es\/wp-json\/wp\/v2\/pages"}],"about":[{"href":"https:\/\/tlumaczkahiszpanska.pl\/es\/wp-json\/wp\/v2\/types\/page"}],"author":[{"embeddable":true,"href":"https:\/\/tlumaczkahiszpanska.pl\/es\/wp-json\/wp\/v2\/users\/1"}],"replies":[{"embeddable":true,"href":"https:\/\/tlumaczkahiszpanska.pl\/es\/wp-json\/wp\/v2\/comments?post=1205"}],"version-history":[{"count":15,"href":"https:\/\/tlumaczkahiszpanska.pl\/es\/wp-json\/wp\/v2\/pages\/1205\/revisions"}],"predecessor-version":[{"id":1440,"href":"https:\/\/tlumaczkahiszpanska.pl\/es\/wp-json\/wp\/v2\/pages\/1205\/revisions\/1440"}],"wp:attachment":[{"href":"https:\/\/tlumaczkahiszpanska.pl\/es\/wp-json\/wp\/v2\/media?parent=1205"}],"curies":[{"name":"wp","href":"https:\/\/api.w.org\/{rel}","templated":true}]}}