{"id":1203,"date":"2023-05-19T15:10:19","date_gmt":"2023-05-19T15:10:19","guid":{"rendered":"https:\/\/tlumaczkahiszpanska.pl\/polityka-prywatnosci\/"},"modified":"2023-07-12T08:41:21","modified_gmt":"2023-07-12T08:41:21","slug":"politica-de-privacidad","status":"publish","type":"page","link":"https:\/\/tlumaczkahiszpanska.pl\/es\/politica-de-privacidad\/","title":{"rendered":"Pol\u00edtica de privacidad"},"content":{"rendered":"\r\n<h2 class=\"wp-block-heading\">1. Informaci\u00f3n General<\/h2>\r\n<ol>\r\n<li>Esta pol\u00edtica se aplica al sitio web con la direcci\u00f3n URL: tlumaczkahiszpanska.pl<\/li>\r\n<li>La Operadora del sitio web y la Administradora de los datos personales es: Alicja Serafin<\/li>\r\n<li>Direcci\u00f3n de correo electr\u00f3nico de operadora: alicjaserafin@onet.com.pl<\/li>\r\n<li>La Operadora es la Administradora de sus datos personales en relaci\u00f3n con los datos proporcionados voluntariamente en el sitio web.<\/li>\r\n<li>El sitio web utiliza datos personales para los siguientes fines:<\/li>\r\n<\/ol>\r\n<ul>\r\n<li style=\"list-style-type: none;\">\r\n<ul>\r\n<li>Presentaci\u00f3n del perfil del usuario a otros usuarios<\/li>\r\n<li>Implementaci\u00f3n de servicios solicitados.<\/li>\r\n<li>Presentaci\u00f3n de una oferta o informaci\u00f3n<\/li>\r\n<\/ul>\r\n<\/li>\r\n<\/ul>\r\n<ol start=\"6\">\r\n<li>El sitio web realiza las funciones de obtenci\u00f3n de informaci\u00f3n sobre los usuarios y su comportamiento de la siguiente forma:<\/li>\r\n<\/ol>\r\n<ul>\r\n<li style=\"list-style-type: none;\">\r\n<ul>\r\n<li>A trav\u00e9s de los datos introducidos voluntariamente en los formularios, que son introducidos en los sistemas de la operadora.<\/li>\r\n<li>Guardando archivos de cookies en dispositivos finales (las llamadas \u00abcookies\u00bb).<\/li>\r\n<\/ul>\r\n<\/li>\r\n<\/ul>\r\n<h2>2. M\u00e9todos de protecci\u00f3n de datos seleccionados utilizados por la Operadora:<\/h2>\r\n<ol>\r\n<li>Los lugares de inicio de sesi\u00f3n e ingreso de datos personales est\u00e1n protegidos en la capa de transmisi\u00f3n (certificado SSL). Gracias a esto, los datos personales y los detalles de inicio de sesi\u00f3n ingresados \u200b\u200b\u200b\u200ben el sitio web se cifran en el ordenador del usuario y solo se pueden leer en el servidor de destino.<\/li>\r\n<li>Los datos personales almacenados en la base de datos est\u00e1n encriptados de tal manera que solo la Operadora que posee la clave puede leerlos. Gracias a esto, los datos est\u00e1n protegidos en caso de robo de la base de datos del servidor.<\/li>\r\n<li>Las contrase\u00f1as de los usuarios se almacenan con hash. La funci\u00f3n hash funciona en una direcci\u00f3n: no es posible revertir su operaci\u00f3n, que actualmente es el est\u00e1ndar moderno para almacenar contrase\u00f1as de usuarios.<\/li>\r\n<li>Para proteger los datos, la Operadora realiza regularmente copias de seguridad.<\/li>\r\n<li>Un elemento importante de la protecci\u00f3n de datos es la actualizaci\u00f3n peri\u00f3dica de todo el software utilizado por la Operadora para procesar datos personales, lo que en particular significa actualizaciones peri\u00f3dicas de los componentes de programaci\u00f3n.<\/li>\r\n<\/ol>\r\n<h2>3. Alojamiento<\/h2>\r\n<p>El sitio web est\u00e1 alojado (t\u00e9cnicamente mantenido) en los servidores del operador: hostinger.com<\/p>\r\n<h2>4. Sus derechos e informaci\u00f3n adicional sobre c\u00f3mo se utilizan los datos<\/h2>\r\n<ol>\r\n<li>En algunas situaciones, la Administradora tiene derecho a transferir sus datos personales a otros destinatarios, si es necesario para ejecutar el contrato celebrado con usted o para cumplir con las obligaciones que incumben a la Administradora. Esto se aplica a tales grupos de destinatarios:<\/li>\r\n<\/ol>\r\n<ul>\r\n<li style=\"list-style-type: none;\">\r\n<ul>\r\n<li>empresa de alojamiento sobre la base de la encomienda<\/li>\r\n<li>empleados autorizados y asociados que utilizan los datos para lograr el prop\u00f3sito del sitio web<\/li>\r\n<li>empresas que prestan servicios de marketing a la Administradora<\/li>\r\n<\/ul>\r\n<\/li>\r\n<\/ul>\r\n<ol start=\"2\">\r\n<li>Sus datos personales procesados \u200b\u200bpor la Administradora por no m\u00e1s de lo necesario para realizar actividades relacionadas especificadas en regulaciones separadas (por ejemplo, en el mantenimiento de cuentas). Con respecto a los datos de marketing, los datos no se procesar\u00e1n durante m\u00e1s de 3 a\u00f1os.<\/li>\r\n<li>Tiene derecho a solicitar a la Administradora:<\/li>\r\n<\/ol>\r\n<ul>\r\n<li style=\"list-style-type: none;\">\r\n<ul>\r\n<li>acceso a los datos personales que le conciernen,<\/li>\r\n<li>rectific\u00e1ndolos,<\/li>\r\n<li>supresi\u00f3n,<\/li>\r\n<li>restricciones de procesamiento,<\/li>\r\n<li>y transferencia de datos.<\/li>\r\n<\/ul>\r\n<\/li>\r\n<\/ul>\r\n<ol start=\"4\">\r\n<li>Tiene derecho a oponerse al procesamiento indicado en el punto 3.3 c) al procesamiento de datos personales para realizar intereses legalmente justificados perseguidos por la Administradora, incluida la elaboraci\u00f3n de perfiles, sin embargo, el derecho a oponerse no se ejercer\u00e1 si hay razones v\u00e1lidas. motivos leg\u00edtimos para el procesamiento, intereses, derechos y libertades superiores a usted, en particular, establecer, perseguir o defender reclamos.<\/li>\r\n<li>Las acciones de la Administradora pueden estar sujetas a una queja ante el Presidente de la Oficina de Protecci\u00f3n de Datos Personales, ul. Stawki 2, 00-193 Varsovia.<\/li>\r\n<li>Proporcionar datos personales es voluntario, pero necesario para operar el sitio web.<\/li>\r\n<li>Se pueden tomar acciones en relaci\u00f3n con usted consistentes en la toma de decisiones automatizadas, incluida la elaboraci\u00f3n de perfiles para proporcionar servicios en virtud del contrato celebrado y para que la Administradora realice marketing directo.<\/li>\r\n<li>Los datos personales no se transfieren desde terceros pa\u00edses en el sentido de las disposiciones sobre protecci\u00f3n de datos personales. Esto significa que no los enviamos fuera de la Uni\u00f3n Europea.<\/li>\r\n<\/ol>\r\n<h2>5. Informaci\u00f3n en formularios<\/h2>\r\n<ol>\r\n<li>El sitio web recopila informaci\u00f3n proporcionada voluntariamente por el usuario, incluidos los datos personales, en caso de que los proporcione.<\/li>\r\n<li>El sitio web puede guardar informaci\u00f3n sobre los par\u00e1metros de conexi\u00f3n (marca de tiempo, direcci\u00f3n IP).<\/li>\r\n<li>En algunos casos, el sitio web puede almacenar informaci\u00f3n que permita vincular los datos del formulario con la direcci\u00f3n de correo electr\u00f3nico del usuario que completa el formulario. En este caso, la direcci\u00f3n de correo electr\u00f3nico del usuario aparece dentro de la url de la p\u00e1gina que contiene el formulario.<\/li>\r\n<li>Los datos proporcionados en el formulario se procesan con el prop\u00f3sito que resulta de la funci\u00f3n de un formulario espec\u00edfico, por ejemplo, para procesar una solicitud de servicio o contacto comercial, registrar servicios, etc. es para.<\/li>\r\n<\/ol>\r\n<p>&nbsp;<\/p>\r\n<h2>6. Inicio de sesi\u00f3n de la Administradora<\/h2>\r\n<p>La informaci\u00f3n sobre el comportamiento de los usuarios en el sitio web puede estar sujeta a registro. Estos datos se utilizan para administrar el sitio web.<\/p>\r\n<h2>7. T\u00e9cnicas de marketing esenciales<\/h2>\r\n<ol>\r\n<li>El operador utiliza an\u00e1lisis estad\u00edsticos del tr\u00e1fico del sitio web a trav\u00e9s de Google Analytics (Google Inc. con sede en EE. UU.). El operador no proporciona al operador de este servicio datos personales, solo informaci\u00f3n anonimizada. El servicio se basa en el uso de cookies en el dispositivo final del usuario. En cuanto a la informaci\u00f3n sobre las preferencias del usuario recopilada por la red publicitaria de Google, el usuario puede ver y editar la informaci\u00f3n resultante de las cookies utilizando la herramienta: https:\/\/www.google.com\/ads\/preferences\/<\/li>\r\n<li>El operador utiliza t\u00e9cnicas de remarketing que permiten hacer coincidir los mensajes publicitarios con el comportamiento del usuario en el sitio web, lo que puede dar la ilusi\u00f3n de que los datos personales del usuario se utilizan para rastrearlo, pero en la pr\u00e1ctica, el operador no transfiere datos personales a los operadores publicitarios. La condici\u00f3n tecnol\u00f3gica para tales actividades es el soporte de cookies habilitado.<\/li>\r\n<li>El operador utiliza el p\u00edxel de Facebook. Esta tecnolog\u00eda hace que Facebook (Facebook Inc. con sede en EE. UU.) sepa que una determinada persona registrada en ella utiliza el Sitio Web. En este caso, se basa en datos de los que es el propio administrador, el Operador no proporciona ning\u00fan dato personal adicional a Facebook. El servicio se basa en el uso de cookies en el dispositivo final del usuario.<\/li>\r\n<li>El operador utiliza una soluci\u00f3n que examina el comportamiento de los usuarios mediante la creaci\u00f3n de mapas de calor y el registro del comportamiento en el sitio web. Esta informaci\u00f3n se anonimiza antes de enviarla al operador del servicio para que no sepa a qu\u00e9 persona f\u00edsica se refiere. En particular, las contrase\u00f1as ingresadas y otros datos personales no se registran.<\/li>\r\n<li>El Operador utiliza una soluci\u00f3n que automatiza el funcionamiento del Sitio web en relaci\u00f3n con los usuarios, por ejemplo, que puede enviar un correo electr\u00f3nico al usuario despu\u00e9s de visitar una subp\u00e1gina espec\u00edfica, siempre que haya aceptado recibir correspondencia comercial del Operador.<\/li>\r\n<\/ol>\r\n<h3>\u00a0<\/h3>\r\n<h3>8. Informaci\u00f3n sobre los archivos de cookies<\/h3>\r\n<ol>\r\n<li>.El sitio web utiliza cookies.<\/li>\r\n<li>Los archivos de cookies (las llamadas \u00abcookies\u00bb) son datos inform\u00e1ticos, en particular archivos de texto, que se almacenan en el dispositivo final del usuario del sitio web y est\u00e1n destinados a utilizar los sitios web del sitio web. Las cookies suelen contener el nombre del sitio web del que provienen, su tiempo de almacenamiento en el dispositivo final y un n\u00famero \u00fanico.<\/li>\r\n<li>La entidad que coloca cookies en el dispositivo final del usuario del sitio web y accede a ellas es el operador del sitio web.<\/li>\r\n<li>Las cookies se utilizan para los siguientes fines:<\/li>\r\n<\/ol>\r\n<ul>\r\n<li style=\"list-style-type: none;\">\r\n<ul>\r\n<li>mantener la sesi\u00f3n del usuario del sitio web (despu\u00e9s de iniciar sesi\u00f3n), gracias a la cual el usuario no tiene que volver a ingresar el nombre de usuario y la contrase\u00f1a en cada subp\u00e1gina del sitio web;<\/li>\r\n<li>para lograr los objetivos establecidos anteriormente en la secci\u00f3n \u00abT\u00e9cnicas de marketing significativas\u00bb;<\/li>\r\n<\/ul>\r\n<\/li>\r\n<\/ul>\r\n<ol start=\"5\">\r\n<li>El Sitio Web utiliza dos tipos b\u00e1sicos de cookies: \u00abde sesi\u00f3n\u00bb (cookies de sesi\u00f3n) y \u00abpermanentes\u00bb (cookies persistentes). Las cookies de sesi\u00f3n son archivos temporales que se almacenan en el dispositivo final del Usuario hasta que cierra la sesi\u00f3n, abandona el sitio web o apaga el software (navegador web). Las cookies \u00abpermanentes\u00bb se almacenan en el dispositivo final del Usuario durante el tiempo especificado en los par\u00e1metros del archivo de cookies o hasta que el Usuario las elimine.<\/li>\r\n<li>El software para navegar por sitios web (navegador web) generalmente permite que las cookies se almacenen en el dispositivo final del Usuario de forma predeterminada. Los usuarios del sitio web pueden cambiar la configuraci\u00f3n a este respecto. El navegador web le permite eliminar las cookies. Tambi\u00e9n es posible bloquear autom\u00e1ticamente las cookies, puede encontrar informaci\u00f3n detallada sobre este tema en la ayuda o documentaci\u00f3n del navegador web.<\/li>\r\n<li>Las restricciones en el uso de cookies pueden afectar algunas de las funcionalidades disponibles en el Sitio Web.<\/li>\r\n<li>Las cookies colocadas en el dispositivo final del usuario del sitio web tambi\u00e9n pueden ser utilizadas por entidades que cooperan con el operador del sitio web, en particular las siguientes empresas: Google (Google Inc. con sede en los EE. UU.), Facebook (Facebook Inc. con sede en los EE. UU.), Twitter ( Twitter Inc. con sede en EE. UU.).<\/li>\r\n<\/ol>\r\n<p>&nbsp;<\/p>\r\n<h2>9. Gesti\u00f3n de cookies: \u00bfc\u00f3mo expresar y retirar el consentimiento en la pr\u00e1ctica?<\/h2>\r\n<ol>\r\n<li>Si no desea recibir cookies, puede cambiar la configuraci\u00f3n de su navegador. Nos reservamos que deshabilitar las cookies necesarias para los procesos de autenticaci\u00f3n, seguridad, mantenimiento de las preferencias del usuario puede dificultar y, en casos extremos, impedir el uso de los sitios web.<\/li>\r\n<li>Para administrar la configuraci\u00f3n de cookies, seleccione el navegador web que utiliza de la lista a continuaci\u00f3n y siga las instrucciones:<\/li>\r\n<\/ol>\r\n<ol>\r\n<li style=\"list-style-type: none;\">\r\n<ul>\r\n<li><a href=\"https:\/\/support.microsoft.com\/pl-pl\/help\/10607\/microsoft-edge-view-delete-browser-history\" target=\"_blank\" rel=\"noopener\">Edge<\/a><\/li>\r\n<li><a href=\"https:\/\/support.microsoft.com\/pl-pl\/help\/278835\/how-to-delete-cookie-files-in-internet-explorer\" target=\"_blank\" rel=\"noopener\">Internet Explorer<\/a><\/li>\r\n<li><a href=\"http:\/\/support.google.com\/chrome\/bin\/answer.py?hl=pl&amp;answer=95647\" target=\"_blank\" rel=\"noopener\">Chrome<\/a><\/li>\r\n<li><a href=\"http:\/\/support.apple.com\/kb\/PH5042\" target=\"_blank\" rel=\"noopener\">Safari<\/a><\/li>\r\n<li><a href=\"http:\/\/support.mozilla.org\/pl\/kb\/W%C5%82%C4%85czanie%20i%20wy%C5%82%C4%85czanie%20obs%C5%82ugi%20ciasteczek\" target=\"_blank\" rel=\"noopener\">Firefox<\/a><\/li>\r\n<li><a href=\"http:\/\/help.opera.com\/Windows\/12.10\/pl\/cookies.html\" target=\"_blank\" rel=\"noopener\">Opera<\/a><\/li>\r\n<\/ul>\r\n<p>Dispositivos m\u00f3viles:<\/p>\r\n<ul>\r\n<li><a href=\"http:\/\/support.google.com\/chrome\/bin\/answer.py?hl=pl&amp;answer=95647\" target=\"_blank\" rel=\"noopener\">Android<\/a><\/li>\r\n<li><a href=\"http:\/\/support.apple.com\/kb\/HT1677?viewlocale=pl_PL\" target=\"_blank\" rel=\"noopener\">Safari (iOS)<\/a><\/li>\r\n<li><a href=\"http:\/\/www.windowsphone.com\/pl-pl\/how-to\/wp7\/web\/changing-privacy-and-other-browser-settings\" target=\"_blank\" rel=\"noopener\">Windows Phone<\/a><\/li>\r\n<\/ul>\r\n<\/li>\r\n<\/ol>\r\n","protected":false},"excerpt":{"rendered":"<p>1. Informaci\u00f3n General Esta pol\u00edtica se aplica al sitio web con la direcci\u00f3n URL: tlumaczkahiszpanska.pl La Operadora del sitio web y la Administradora de los datos personales es: Alicja Serafin Direcci\u00f3n de correo electr\u00f3nico de operadora: alicjaserafin@onet.com.pl La Operadora es la Administradora de sus datos personales en relaci\u00f3n con los datos proporcionados voluntariamente en el [&hellip;]<\/p>\n","protected":false},"author":1,"featured_media":0,"parent":0,"menu_order":0,"comment_status":"closed","ping_status":"closed","template":"","meta":{"_et_pb_use_builder":"","_et_pb_old_content":"","_et_gb_content_width":"","footnotes":""},"class_list":["post-1203","page","type-page","status-publish","hentry"],"_links":{"self":[{"href":"https:\/\/tlumaczkahiszpanska.pl\/es\/wp-json\/wp\/v2\/pages\/1203","targetHints":{"allow":["GET"]}}],"collection":[{"href":"https:\/\/tlumaczkahiszpanska.pl\/es\/wp-json\/wp\/v2\/pages"}],"about":[{"href":"https:\/\/tlumaczkahiszpanska.pl\/es\/wp-json\/wp\/v2\/types\/page"}],"author":[{"embeddable":true,"href":"https:\/\/tlumaczkahiszpanska.pl\/es\/wp-json\/wp\/v2\/users\/1"}],"replies":[{"embeddable":true,"href":"https:\/\/tlumaczkahiszpanska.pl\/es\/wp-json\/wp\/v2\/comments?post=1203"}],"version-history":[{"count":6,"href":"https:\/\/tlumaczkahiszpanska.pl\/es\/wp-json\/wp\/v2\/pages\/1203\/revisions"}],"predecessor-version":[{"id":1320,"href":"https:\/\/tlumaczkahiszpanska.pl\/es\/wp-json\/wp\/v2\/pages\/1203\/revisions\/1320"}],"wp:attachment":[{"href":"https:\/\/tlumaczkahiszpanska.pl\/es\/wp-json\/wp\/v2\/media?parent=1203"}],"curies":[{"name":"wp","href":"https:\/\/api.w.org\/{rel}","templated":true}]}}